{"id":3,"date":"2018-06-28T11:32:54","date_gmt":"2018-06-28T09:32:54","guid":{"rendered":"http:\/\/www.diabetologia.at\/?page_id=3"},"modified":"2018-08-24T12:02:45","modified_gmt":"2018-08-24T10:02:45","slug":"datenschutzerklaerung-prim-dr-christian-schelkshorn","status":"publish","type":"page","link":"http:\/\/www.diabetologia.at\/?page_id=3","title":{"rendered":"Datenschutzerkl\u00e4rung"},"content":{"rendered":"<p><center>Stand: 26.6.2018<\/center><\/p>\n<h1>1. Rechtsgrundlage<\/h1>\n<p>1.1. Die EU-Datenschutz-Grundverordnung, das Datenschutzgesetz 2000 sowie das Datenschutz-Anpassungsgesetz 2018 dienen dem Recht auf Schutz personenbezogener Daten. Wir verarbeiten Ihre Daten ausschlie\u00dflich auf Grundlage der gesetzlichen Bestimmungen (DSGVO, DSG 2018, TKG 2003).<\/p>\n<h1>2. Grunds\u00e4tzliches<\/h1>\n<p>2.1. Verantwortlicher ist :<\/p>\n<p>Prim. Dr. Christian Schelkshorn<br \/>\nH\u00f6ritzergasse 2\/5<br \/>\n1140 Wien<br \/>\nMail: dr.schelkshorn @ diabetologia.at<\/p>\n<p>&nbsp;<\/p>\n<p>2.2. Uns ist es ein besonderes Anliegen, alle personenbezogenen Daten, die Sie uns anvertrauen, zu sch\u00fctzen und sicher zu verwahren. In diesem Dokument erfahren Sie mehr dar\u00fcber, wie wir Ihre personenbezogenen Daten verwenden und verarbeiten.<\/p>\n<h1>3. Zweckbindung, Rechtsgrundlage, Speicherdauer sowie Datenempf\u00e4nger<\/h1>\n<p>3.1. Die gesammelten personenbezogenen Daten ben\u00f6tigen wir f\u00fcr die Kommunikation mit unseren Kunden\/Interessenten und Lieferanten. Die Daten werden hierf\u00fcr erhoben, gespeichert, verarbeitet und genutzt.<\/p>\n<p>3.2. Die rechtlichen Grundlagen f\u00fcr die Verarbeitung von Ihren personenbezogenen Daten sind einerseits Vertragserf\u00fcllung (zB Onlineeinkauf), berechtigte Interessen, die Erf\u00fcllung unserer rechtlichen bzw vertraglichen Verpflichtungen sowie andererseits Ihre Einwilligung (zB Kontaktformular, Newsletter, Cookies). Die Nichtbereitstellung der Daten kann unterschiedliche Folgen haben.<\/p>\n<p>3.3. Wir verarbeiten Ihre personenbezogenen Daten, soweit erforderlich, f\u00fcr die Dauer des Auftragsverh\u00e4ltnisses (von der Anbahnung, Abwicklung bis zur Beendigung eines Vertrags) sowie dar\u00fcber hinaus gem\u00e4\u00df den gesetzlichen Aufbewahrungs- und Dokumentationspflichten, die sich ua aus dem Unternehmensgesetzbuch (UGB), der Bundesabgabenordnung (BAO) ergeben sowie bis zur Beendigung eines allf\u00e4lligen Rechtsstreits, fortlaufender Gew\u00e4hrleistungs- und Garantiefristen usw.<\/p>\n<p>3.4. Auf unserer Website werden KEINE personenbezogene Daten ermittelt.<\/p>\n<h1>5. Newsletter<\/h1>\n<p>5.1. Wir versenden KEINE Newsletter<\/p>\n<p>5.2. Die Datenverarbeitung erfolgt auf Basis der gesetzlichen Bestimmungen des \u00a7 96 Abs 3 TKG sowie des Art 6 Abs 1 lit a (Einwilligung) DSGVO.<\/p>\n<h1>6. Onlineshop: nicht aktiv<\/h1>\n<h1>7. Cookies, andere Tracking Tools sowie Web-Analyse<\/h1>\n<p>[bei Verwendung von WebAnalyse Tools wie Google Analytics, eTracker etc]<\/p>\n<p>7.1. Wir verwenden KEINE Cookies und andere Tracking-Technologien!<\/p>\n<h1>8. Einwilligung und Recht auf Widerruf<\/h1>\n<p>8.1. Ist f\u00fcr die Verarbeitung Ihrer Daten Ihre Zustimmung notwendig, verarbeiten wir diese erst nach Ihrer ausdr\u00fccklichen Zustimmung.<\/p>\n<p>8.2. Grunds\u00e4tzlich verarbeiten wir keine Daten minderj\u00e4hriger Personen und sind dazu auch nicht befugt. Mit der Abgabe Ihrer Zustimmung best\u00e4tigen Sie, dass Sie das 14. Lebensjahr vollendet haben oder die Zustimmung Ihres gesetzlichen Vertreters vorliegt.<\/p>\n<p>8.3. Ihre Zustimmung k\u00f6nnen Sie jederzeit unter folgender obiger E-Mail Adresse widerrufen. In einem solchen Fall werden die bisher \u00fcber Sie gespeicherten Daten anonymisiert und in weiterer Folge lediglich f\u00fcr statistische Zwecke ohne Personenbezug weiterverwendet. Mittels des Widerrufs der Zustimmung wird die Rechtm\u00e4\u00dfigkeit der aufgrund der Zustimmung bis zum Widerruf erfolgten Verarbeitung nicht ber\u00fchrt.<\/p>\n<h1>9. Datensicherheit<\/h1>\n<p>9.1. Wir setzen technische und organisatorische Sicherheitsma\u00dfnahmen ein, um die gespeicherten personenbezogenen Daten gegen zuf\u00e4llige oder vors\u00e4tzliche Manipulation, Verlust oder Zerst\u00f6rung und gegen den Zugriff unberechtigter Personen zu sch\u00fctzen. Unsere Sicherheitsma\u00dfnahmen werden entsprechend des technischen Fortschritts fortlaufend verbessert.<\/p>\n<h1>10. Ihre Rechte<\/h1>\n<p>10.1. Sie haben jederzeit das Recht auf Auskunft seitens des Verantwortlichen \u00fcber die betreffenden personenbezogenen Daten. Soweit keine gesetzliche Aufbewahrungspflicht besteht, haben Sie das Recht auf L\u00f6schung dieser Daten sowie Widerspruch gegen die Verarbeitung. Ferner haben Sie das Recht auf Berichtigung der Daten sowie auf Einschr\u00e4nkung der Verarbeitung, auf Daten\u00fcbertragbarkeit sowie auf Beschwerde bei der \u00d6sterreichischen Datenschutzbeh\u00f6rde (Wickenburggasse 8-10, 1080 Wien, E-Mail: dsb@dsb.gv.at).<\/p>\n<p>10.2. Wenden Sie sich bez\u00fcglich Ihrer Rechte bitte an uns unter per Mail oder Post (Adressen siehe oben)<\/p>\n","protected":false},"excerpt":{"rendered":"<p>Stand: 26.6.2018 1. Rechtsgrundlage 1.1. Die EU-Datenschutz-Grundverordnung, das Datenschutzgesetz 2000 sowie das Datenschutz-Anpassungsgesetz 2018 dienen dem Recht auf Schutz personenbezogener Daten. Wir verarbeiten Ihre Daten ausschlie\u00dflich auf Grundlage der gesetzlichen Bestimmungen (DSGVO, DSG 2018, TKG 2003). 2. Grunds\u00e4tzliches 2.1. Verantwortlicher ist : Prim. Dr. Christian Schelkshorn H\u00f6ritzergasse 2\/5 1140 Wien Mail: dr.schelkshorn @ diabetologia.at &nbsp;&hellip;<\/p>\n","protected":false},"author":1,"featured_media":0,"parent":0,"menu_order":0,"comment_status":"closed","ping_status":"closed","template":"","meta":{"_vp_format_video_url":"","_vp_image_focal_point":[]},"_links":{"self":[{"href":"http:\/\/www.diabetologia.at\/index.php?rest_route=\/wp\/v2\/pages\/3"}],"collection":[{"href":"http:\/\/www.diabetologia.at\/index.php?rest_route=\/wp\/v2\/pages"}],"about":[{"href":"http:\/\/www.diabetologia.at\/index.php?rest_route=\/wp\/v2\/types\/page"}],"author":[{"embeddable":true,"href":"http:\/\/www.diabetologia.at\/index.php?rest_route=\/wp\/v2\/users\/1"}],"replies":[{"embeddable":true,"href":"http:\/\/www.diabetologia.at\/index.php?rest_route=%2Fwp%2Fv2%2Fcomments&post=3"}],"version-history":[{"count":10,"href":"http:\/\/www.diabetologia.at\/index.php?rest_route=\/wp\/v2\/pages\/3\/revisions"}],"predecessor-version":[{"id":204,"href":"http:\/\/www.diabetologia.at\/index.php?rest_route=\/wp\/v2\/pages\/3\/revisions\/204"}],"wp:attachment":[{"href":"http:\/\/www.diabetologia.at\/index.php?rest_route=%2Fwp%2Fv2%2Fmedia&parent=3"}],"curies":[{"name":"wp","href":"https:\/\/api.w.org\/{rel}","templated":true}]}}